{"id":147,"date":"2016-07-27T18:08:22","date_gmt":"2016-07-27T16:08:22","guid":{"rendered":"http:\/\/www.sylviane-gaussin.be\/WP2\/?page_id=147"},"modified":"2025-11-13T11:35:50","modified_gmt":"2025-11-13T10:35:50","slug":"sylviane-gaussin-peinture-et-sculpture","status":"publish","type":"page","link":"https:\/\/www.sylviane-gaussin.be\/WP2\/","title":{"rendered":"Pr\u00e9sentation"},"content":{"rendered":"<div id=\"layers-widget-column-5\" class=\"widget layers-content-widget content-vertical-massive \">\n<div class=\"container list-grid\">\n<div class=\"grid\">\n<div id=\"layers-widget-column-5-309\" class=\"layers-masonry-column layers-widget-column-309 span-12 last column-flush has-image\">\n<div class=\"media no-push-bottom image-left medium\">\n<div class=\"media-body text-justify\">\n<div class=\"excerpt\">\n<h3><img data-recalc-dims=\"1\" loading=\"lazy\" decoding=\"async\" data-attachment-id=\"1053\" data-permalink=\"https:\/\/www.sylviane-gaussin.be\/WP2\/index.php\/presentation\/portrait-ok-copie\/\" data-orig-file=\"https:\/\/i0.wp.com\/www.sylviane-gaussin.be\/WP2\/wp-content\/uploads\/2018\/10\/Portrait-OK-Copie.jpg?fit=480%2C499&amp;ssl=1\" data-orig-size=\"480,499\" data-comments-opened=\"1\" data-image-meta=\"{&quot;aperture&quot;:&quot;4.8&quot;,&quot;credit&quot;:&quot;&quot;,&quot;camera&quot;:&quot;COOLPIX P500&quot;,&quot;caption&quot;:&quot;&quot;,&quot;created_timestamp&quot;:&quot;1446298842&quot;,&quot;copyright&quot;:&quot;&quot;,&quot;focal_length&quot;:&quot;13.5&quot;,&quot;iso&quot;:&quot;160&quot;,&quot;shutter_speed&quot;:&quot;0.00125&quot;,&quot;title&quot;:&quot;&quot;,&quot;orientation&quot;:&quot;0&quot;}\" data-image-title=\"Portrait OK) &amp;#8211; Copie\" data-image-description=\"\" data-image-caption=\"\" data-large-file=\"https:\/\/i0.wp.com\/www.sylviane-gaussin.be\/WP2\/wp-content\/uploads\/2018\/10\/Portrait-OK-Copie.jpg?fit=480%2C499&amp;ssl=1\" class=\" wp-image-1053 alignright\" src=\"https:\/\/i0.wp.com\/www.sylviane-gaussin.be\/WP2\/wp-content\/uploads\/2018\/10\/Portrait-OK-Copie.jpg?resize=160%2C167\" alt=\"\" width=\"160\" height=\"167\" srcset=\"https:\/\/i0.wp.com\/www.sylviane-gaussin.be\/WP2\/wp-content\/uploads\/2018\/10\/Portrait-OK-Copie.jpg?w=480&amp;ssl=1 480w, https:\/\/i0.wp.com\/www.sylviane-gaussin.be\/WP2\/wp-content\/uploads\/2018\/10\/Portrait-OK-Copie.jpg?resize=289%2C300&amp;ssl=1 289w\" sizes=\"auto, (max-width: 160px) 100vw, 160px\" \/>Peinture et Sculpture<\/h3>\n<p>En tant que peintre et sculptrice, j\u2019aime capturer la complexit\u00e9 des sentiments humains et mettre en avant\u00a0 la vuln\u00e9rabilit\u00e9 de l\u2019homme.<\/p>\n<p>Je ne me contente pas de cr\u00e9er un visage, une personne, mais j\u2019essaie de faire ressentir ce qui se passe \u00e0 l\u2019int\u00e9rieur de cette personne. J\u2019en fouille le psychisme, la face cach\u00e9e, les failles.<\/p>\n<p>Il s\u2019agit d\u2019explorer notre fragilit\u00e9 et donc notre humanit\u00e9. C\u2019est \u00e0 travers les f\u00ealures que la beaut\u00e9 et la force surgissent. Chaque cassure r\u00e9v\u00e8le une partie de nous -m\u00eames.<\/p>\n<p>D\u00e9construire pour reconstruire. Mettre du plein dans le vide. Saisir les sensations, la splendeur de l\u2019humain mais aussi sa d\u00e9cr\u00e9pitude.<\/p>\n<p>Mon travail refl\u00e8te aussi la place qu\u2019occupe l\u2019homme dans la soci\u00e9t\u00e9, par rapport aux autres.<\/p>\n<p>Tout est dans l\u2019ambigu\u00eft\u00e9, la contradiction, l\u2019incertitude.<\/p>\n<p>Chaque \u0153uvre est r\u00e9alis\u00e9e pour toucher celui\/celle qui la regarde, avec ses propres projections et sensations.<\/p>\n<p>j&rsquo;utilise l&rsquo;acrylique pour les peintures.<\/p>\n<p>Mes sculptures sont principalement en terre cuite, parfois patin\u00e9es, peintes ou \u00ab enferm\u00e9es \u00bb dans du plexi. Mais aussi en pl\u00e2tre. Il m\u2019arrive de combiner diff\u00e9rents mat\u00e9riaux entre eux ( fils de cuir, de fer, de cuivre, pierre , tissus, corde\u2026).Je m\u2019approprie la terre sans id\u00e9es pr\u00e9con\u00e7ues.<\/p>\n<p>C\u2019est tr\u00e8s intuitif et spontan\u00e9. Brut<\/p>\n<h3 class=\"heading\">Formations<\/h3>\n<div class=\"excerpt\">\n<p>Dipl\u00f4m\u00e9e en Arts plastiques \/ graphisme \u2013 Institut sup\u00e9rieur St Luc, Bruxelles.<br \/>\nDipl\u00f4m\u00e9e en Arts d\u00e9coratifs \u2013 Bruxelles.<br \/>\nAtelier de sculpture avec l\u2019artiste Guy Belhomme.<br \/>\nPerfectionnement en peinture avec les artistes Ana Pentcheva, Fabrice Samyn, Fran\u00e7ois Jacobs.<\/p>\n<p>1er prix \u00ab\u00a0Art en vitrine\u00a0\u00bb 2025 Woluwe St Pierre<\/p>\n<p>1er prix du jury et prix du public \u00ab\u00a0Art en vitrine\u00a0\u00bb 2019 Woluwe St Pierre<br \/>\nS\u00e9lectionn\u00e9e au prix des Arts\u00a0 2017 ( Sculpture) &#8211; Woluwe St Pierre<br \/>\nPr\u00e9s\u00e9lectionn\u00e9e Art Truc Troc 2014 \u2013 BOZAR Bruxelles.<\/p>\n<p>Membre du groupe <a href=\"http:\/\/art-perspectives.org\/\" target=\"_blank\" rel=\"noopener noreferrer\">API (Art Perspectives International). \u00a0<\/a><br \/>\n<a href=\"http:\/\/www.sylviane-gaussin.be\/WP2\/index.php\/expositions\/\">Expose<\/a> r\u00e9guli\u00e8rement en Belgique.<\/p>\n<h3><\/h3>\n<\/div>\n<\/div>\n<\/div>\n<\/div>\n<\/div>\n<\/div>\n<\/div>\n<\/div>\n<div id=\"layers-widget-column-6\" class=\"widget layers-content-widget content-vertical-massive \"><\/div>\n","protected":false},"excerpt":{"rendered":"<p class=\"excerpt\">Peinture et Sculpture En tant que peintre et sculptrice, j\u2019aime capturer la complexit\u00e9 des sentiments humains et mettre en avant\u00a0 la vuln\u00e9rabilit\u00e9 de l\u2019homme. Je ne me contente pas de cr\u00e9er un visage, une personne, mais j\u2019essaie de faire ressentir ce qui se passe \u00e0 l\u2019int\u00e9rieur de cette personne. J\u2019en fouille le psychisme, la face [&hellip;]<\/p>\n","protected":false},"author":1,"featured_media":0,"parent":0,"menu_order":0,"comment_status":"closed","ping_status":"closed","template":"","meta":{"jetpack_post_was_ever_published":false,"footnotes":""},"class_list":["post-147","page","type-page","status-publish","hentry"],"jetpack_sharing_enabled":true,"jetpack_shortlink":"https:\/\/wp.me\/P7GLIc-2n","jetpack-related-posts":[],"_links":{"self":[{"href":"https:\/\/www.sylviane-gaussin.be\/WP2\/index.php\/wp-json\/wp\/v2\/pages\/147","targetHints":{"allow":["GET"]}}],"collection":[{"href":"https:\/\/www.sylviane-gaussin.be\/WP2\/index.php\/wp-json\/wp\/v2\/pages"}],"about":[{"href":"https:\/\/www.sylviane-gaussin.be\/WP2\/index.php\/wp-json\/wp\/v2\/types\/page"}],"author":[{"embeddable":true,"href":"https:\/\/www.sylviane-gaussin.be\/WP2\/index.php\/wp-json\/wp\/v2\/users\/1"}],"replies":[{"embeddable":true,"href":"https:\/\/www.sylviane-gaussin.be\/WP2\/index.php\/wp-json\/wp\/v2\/comments?post=147"}],"version-history":[{"count":17,"href":"https:\/\/www.sylviane-gaussin.be\/WP2\/index.php\/wp-json\/wp\/v2\/pages\/147\/revisions"}],"predecessor-version":[{"id":13997,"href":"https:\/\/www.sylviane-gaussin.be\/WP2\/index.php\/wp-json\/wp\/v2\/pages\/147\/revisions\/13997"}],"wp:attachment":[{"href":"https:\/\/www.sylviane-gaussin.be\/WP2\/index.php\/wp-json\/wp\/v2\/media?parent=147"}],"curies":[{"name":"wp","href":"https:\/\/api.w.org\/{rel}","templated":true}]}}